{"id":639,"date":"2023-05-09T22:30:33","date_gmt":"2023-05-09T19:30:33","guid":{"rendered":"https:\/\/strifor.biz\/?page_id=639"},"modified":"2026-04-02T17:57:52","modified_gmt":"2026-04-02T14:57:52","slug":"priority-club","status":"publish","type":"page","link":"https:\/\/strifor.biz\/es\/priority-club\/","title":{"rendered":"Priority club"},"content":{"rendered":"","protected":false},"excerpt":{"rendered":"","protected":false},"author":1,"featured_media":0,"parent":0,"menu_order":0,"comment_status":"closed","ping_status":"closed","template":"templates\/priority_club.php","meta":{"footnotes":""},"class_list":["post-639","page","type-page","status-publish","hentry"],"yoast_head":"<!-- This site is optimized with the Yoast SEO plugin v27.3 - https:\/\/yoast.com\/product\/yoast-seo-wordpress\/ -->\n<title>Club de operadores VIP de Strifor: bonificaciones de hasta el 100%, devoluciones en efectivo y privilegios para operadores<\/title>\n<meta name=\"description\" content=\"\u00danase al Club de Traders VIP de Strifor y obtenga bonificaciones de hasta el 100%, cashback en comisiones de trading, se\u00f1ales de trading y retiradas de fondos en una hora. Benef\u00edciese de un gestor personal y de condiciones de afiliaci\u00f3n de alto nivel.\" \/>\n<meta name=\"robots\" content=\"index, follow, max-snippet:-1, max-image-preview:large, max-video-preview:-1\" \/>\n<link rel=\"canonical\" href=\"https:\/\/strifor.biz\/es\/priority-club\/\" \/>\n<meta property=\"og:locale\" content=\"es_ES\" \/>\n<meta property=\"og:locale:alternate\" content=\"en_US\" \/>\n<meta property=\"og:locale:alternate\" content=\"ru_RU\" \/>\n<meta property=\"og:locale:alternate\" content=\"rs_RS\" \/>\n<meta property=\"og:locale:alternate\" content=\"tr-TR\" \/>\n<meta property=\"og:type\" content=\"article\" \/>\n<meta property=\"og:title\" content=\"Club de operadores VIP de Strifor: bonificaciones de hasta el 100%, devoluciones en efectivo y privilegios para operadores\" \/>\n<meta property=\"og:description\" content=\"\u00danase al Club de Traders VIP de Strifor y obtenga bonificaciones de hasta el 100%, cashback en comisiones de trading, se\u00f1ales de trading y retiradas de fondos en una hora. Benef\u00edciese de un gestor personal y de condiciones de afiliaci\u00f3n de alto nivel.\" \/>\n<meta property=\"og:url\" content=\"https:\/\/strifor.biz\/es\/priority-club\/\" \/>\n<meta property=\"og:site_name\" content=\"Strifor - Trading Forex, crypto CFD. We always pay.\" \/>\n<meta property=\"article:modified_time\" content=\"2026-04-02T14:57:52+00:00\" \/>\n<meta name=\"twitter:card\" content=\"summary_large_image\" \/>\n<script type=\"application\/ld+json\" class=\"yoast-schema-graph\">{\"@context\":\"https:\\\/\\\/schema.org\",\"@graph\":[{\"@type\":\"WebPage\",\"@id\":\"https:\\\/\\\/strifor.biz\\\/priority-club\\\/\",\"url\":\"https:\\\/\\\/strifor.biz\\\/priority-club\\\/\",\"name\":\"Club de operadores VIP de Strifor: bonificaciones de hasta el 100%, devoluciones en efectivo y privilegios para operadores\",\"isPartOf\":{\"@id\":\"https:\\\/\\\/strifor.biz\\\/#website\"},\"datePublished\":\"2023-05-09T19:30:33+00:00\",\"dateModified\":\"2026-04-02T14:57:52+00:00\",\"description\":\"\u00danase al Club de Traders VIP de Strifor y obtenga bonificaciones de hasta el 100%, cashback en comisiones de trading, se\u00f1ales de trading y retiradas de fondos en una hora. Benef\u00edciese de un gestor personal y de condiciones de afiliaci\u00f3n de alto nivel.\",\"breadcrumb\":{\"@id\":\"https:\\\/\\\/strifor.biz\\\/priority-club\\\/#breadcrumb\"},\"inLanguage\":\"es-ES\",\"potentialAction\":[{\"@type\":\"ReadAction\",\"target\":[\"https:\\\/\\\/strifor.biz\\\/priority-club\\\/\"]}]},{\"@type\":\"BreadcrumbList\",\"@id\":\"https:\\\/\\\/strifor.biz\\\/priority-club\\\/#breadcrumb\",\"itemListElement\":[{\"@type\":\"ListItem\",\"position\":1,\"name\":\"Home\",\"item\":\"https:\\\/\\\/strifor.biz\\\/\"},{\"@type\":\"ListItem\",\"position\":2,\"name\":\"Priority club\"}]},{\"@type\":\"WebSite\",\"@id\":\"https:\\\/\\\/strifor.biz\\\/#website\",\"url\":\"https:\\\/\\\/strifor.biz\\\/\",\"name\":\"Strifor - Trading Forex, CFD, Crypto, Metals\",\"description\":\"\",\"publisher\":{\"@id\":\"https:\\\/\\\/strifor.biz\\\/#organization\"},\"potentialAction\":[{\"@type\":\"SearchAction\",\"target\":{\"@type\":\"EntryPoint\",\"urlTemplate\":\"https:\\\/\\\/strifor.biz\\\/?s={search_term_string}\"},\"query-input\":{\"@type\":\"PropertyValueSpecification\",\"valueRequired\":true,\"valueName\":\"search_term_string\"}}],\"inLanguage\":\"es-ES\"},{\"@type\":\"Organization\",\"@id\":\"https:\\\/\\\/strifor.biz\\\/#organization\",\"name\":\"Strifor SVG\",\"url\":\"https:\\\/\\\/strifor.biz\\\/\",\"logo\":{\"@type\":\"ImageObject\",\"inLanguage\":\"es-ES\",\"@id\":\"https:\\\/\\\/strifor.biz\\\/#\\\/schema\\\/logo\\\/image\\\/\",\"url\":\"https:\\\/\\\/strifor.biz\\\/wp-content\\\/uploads\\\/2024\\\/08\\\/logo-2-1.png\",\"contentUrl\":\"https:\\\/\\\/strifor.biz\\\/wp-content\\\/uploads\\\/2024\\\/08\\\/logo-2-1.png\",\"width\":98,\"height\":66,\"caption\":\"Strifor SVG\"},\"image\":{\"@id\":\"https:\\\/\\\/strifor.biz\\\/#\\\/schema\\\/logo\\\/image\\\/\"}}]}<\/script>\n<!-- \/ Yoast SEO plugin. -->","yoast_head_json":{"title":"Club de operadores VIP de Strifor: bonificaciones de hasta el 100%, devoluciones en efectivo y privilegios para operadores","description":"\u00danase al Club de Traders VIP de Strifor y obtenga bonificaciones de hasta el 100%, cashback en comisiones de trading, se\u00f1ales de trading y retiradas de fondos en una hora. Benef\u00edciese de un gestor personal y de condiciones de afiliaci\u00f3n de alto nivel.","robots":{"index":"index","follow":"follow","max-snippet":"max-snippet:-1","max-image-preview":"max-image-preview:large","max-video-preview":"max-video-preview:-1"},"canonical":"https:\/\/strifor.biz\/es\/priority-club\/","og_locale":"es_ES","og_type":"article","og_title":"[:en]Strifor VIP traders club bonuses up to 100%, cashback and privileges for traders[:ru]VIP \u043a\u043b\u0443\u0431 \u0442\u0440\u0435\u0439\u0434\u0435\u0440\u043e\u0432 Strifor, \u0431\u043e\u043d\u0443\u0441\u044b \u0434\u043e 100%, \u043a\u0435\u0448\u0431\u044d\u043a \u0438 \u043f\u0440\u0438\u0432\u0438\u043b\u0435\u0433\u0438\u0438 \u0434\u043b\u044f \u0442\u0440\u0435\u0439\u0434\u0435\u0440\u043e\u0432[:es]Club de operadores VIP de Strifor: bonificaciones de hasta el 100%, devoluciones en efectivo y privilegios para operadores[:rs]VIP \u0422\u0440\u0430\u0434\u0435\u0440 \u0426\u043b\u0443\u0431 Strifor - \u0431\u043e\u043d\u0443\u0441\u0438 \u0434\u043e 100%, \u043f\u043e\u0432\u0440\u0430\u045b\u0430\u0458 \u043d\u043e\u0432\u0446\u0430 \u0438 \u043f\u0440\u0438\u0432\u0438\u043b\u0435\u0433\u0438\u0458\u0435 \u0437\u0430 \u0442\u0440\u0433\u043e\u0432\u0446\u0435[:]","og_description":"[:en]Join Strifor's VIP Traders Club and get bonuses up to 100%, cashback from trading commissions, trading signals and withdrawals within an hour. Take advantage of a personal manager and high-level affiliate conditions.[:ru]\"\u041f\u0440\u0438\u0441\u043e\u0435\u0434\u0438\u043d\u044f\u0439\u0442\u0435\u0441\u044c \u043a VIP-\u043a\u043b\u0443\u0431\u0443 \u0442\u0440\u0435\u0439\u0434\u0435\u0440\u043e\u0432 Strifor \u0438 \u043f\u043e\u043b\u0443\u0447\u0438\u0442\u0435 \u0431\u043e\u043d\u0443\u0441\u044b \u0434\u043e 100%, \u043a\u0435\u0448\u0431\u044d\u043a \u043e\u0442 \u0442\u043e\u0440\u0433\u043e\u0432\u044b\u0445 \u043a\u043e\u043c\u0438\u0441\u0441\u0438\u0439, \u0442\u043e\u0440\u0433\u043e\u0432\u044b\u0435 \u0441\u0438\u0433\u043d\u0430\u043b\u044b \u0438 \u0432\u044b\u0432\u043e\u0434 \u0441\u0440\u0435\u0434\u0441\u0442\u0432 \u0432 \u0442\u0435\u0447\u0435\u043d\u0438\u0435 \u0447\u0430\u0441\u0430. \u0412\u043e\u0441\u043f\u043e\u043b\u044c\u0437\u0443\u0439\u0442\u0435\u0441\u044c \u043f\u0435\u0440\u0441\u043e\u043d\u0430\u043b\u044c\u043d\u044b\u043c \u043c\u0435\u043d\u0435\u0434\u0436\u0435\u0440\u043e\u043c \u0438 \u0432\u044b\u0441\u043e\u043a\u043e\u0443\u0440\u043e\u0432\u043d\u0435\u0432\u044b\u043c\u0438 \u043f\u0430\u0440\u0442\u043d\u0435\u0440\u0441\u043a\u0438\u043c\u0438 \u0443\u0441\u043b\u043e\u0432\u0438\u044f\u043c\u0438.\"[:es]\u00danase al Club de Traders VIP de Strifor y obtenga bonificaciones de hasta el 100%, cashback en comisiones de trading, se\u00f1ales de trading y retiradas de fondos en una hora. Benef\u00edciese de un gestor personal y de condiciones de afiliaci\u00f3n de alto nivel.[:rs]\u041f\u0440\u0438\u0434\u0440\u0443\u0436\u0438\u0442\u0435 \u0441\u0435 Strifor VIP \u043a\u043b\u0443\u0431\u0443 \u0442\u0440\u0433\u043e\u0432\u0430\u0446\u0430 \u0438 \u043f\u0440\u0438\u043c\u0430\u0458\u0442\u0435 \u0431\u043e\u043d\u0443\u0441\u0435 \u0434\u043e 100%, \u043f\u043e\u0432\u0440\u0430\u045b\u0430\u0458 \u043d\u043e\u0432\u0446\u0430 \u043e\u0434 \u043f\u0440\u043e\u0432\u0438\u0437\u0438\u0458\u0430 \u0437\u0430 \u0442\u0440\u0433\u043e\u0432\u0430\u045a\u0435, \u0441\u0438\u0433\u043d\u0430\u043b\u0430 \u0437\u0430 \u0442\u0440\u0433\u043e\u0432\u0430\u045a\u0435 \u0438 \u043f\u043e\u0432\u043b\u0430\u0447\u0435\u045a\u0430 \u0443 \u0440\u043e\u043a\u0443 \u043e\u0434 \u0441\u0430\u0442 \u0432\u0440\u0435\u043c\u0435\u043d\u0430. \u0418\u0441\u043a\u043e\u0440\u0438\u0441\u0442\u0438\u0442\u0435 \u043f\u0440\u0435\u0434\u043d\u043e\u0441\u0442\u0438 \u043b\u0438\u0447\u043d\u043e\u0433 \u043c\u0435\u043d\u0430\u045f\u0435\u0440\u0430 \u0438 \u043f\u0430\u0440\u0442\u043d\u0435\u0440\u0441\u043a\u0438\u0445 \u0443\u0441\u043b\u043e\u0432\u0430 \u043d\u0430 \u0432\u0438\u0441\u043e\u043a\u043e\u043c \u043d\u0438\u0432\u043e\u0443.[:]","og_url":"https:\/\/strifor.biz\/es\/priority-club\/","og_site_name":"Strifor - Trading Forex, crypto CFD. We always pay.","article_modified_time":"2026-04-02T14:57:52+00:00","twitter_card":"summary_large_image","schema":{"@context":"https:\/\/schema.org","@graph":[{"@type":"WebPage","@id":"https:\/\/strifor.biz\/priority-club\/","url":"https:\/\/strifor.biz\/priority-club\/","name":"Club de operadores VIP de Strifor: bonificaciones de hasta el 100%, devoluciones en efectivo y privilegios para operadores","isPartOf":{"@id":"https:\/\/strifor.biz\/#website"},"datePublished":"2023-05-09T19:30:33+00:00","dateModified":"2026-04-02T14:57:52+00:00","description":"\u00danase al Club de Traders VIP de Strifor y obtenga bonificaciones de hasta el 100%, cashback en comisiones de trading, se\u00f1ales de trading y retiradas de fondos en una hora. Benef\u00edciese de un gestor personal y de condiciones de afiliaci\u00f3n de alto nivel.","breadcrumb":{"@id":"https:\/\/strifor.biz\/priority-club\/#breadcrumb"},"inLanguage":"es-ES","potentialAction":[{"@type":"ReadAction","target":["https:\/\/strifor.biz\/priority-club\/"]}]},{"@type":"BreadcrumbList","@id":"https:\/\/strifor.biz\/priority-club\/#breadcrumb","itemListElement":[{"@type":"ListItem","position":1,"name":"Home","item":"https:\/\/strifor.biz\/"},{"@type":"ListItem","position":2,"name":"Priority club"}]},{"@type":"WebSite","@id":"https:\/\/strifor.biz\/#website","url":"https:\/\/strifor.biz\/","name":"Strifor - Trading Forex, CFD, Crypto, Metals","description":"","publisher":{"@id":"https:\/\/strifor.biz\/#organization"},"potentialAction":[{"@type":"SearchAction","target":{"@type":"EntryPoint","urlTemplate":"https:\/\/strifor.biz\/?s={search_term_string}"},"query-input":{"@type":"PropertyValueSpecification","valueRequired":true,"valueName":"search_term_string"}}],"inLanguage":"es-ES"},{"@type":"Organization","@id":"https:\/\/strifor.biz\/#organization","name":"Strifor SVG","url":"https:\/\/strifor.biz\/","logo":{"@type":"ImageObject","inLanguage":"es-ES","@id":"https:\/\/strifor.biz\/#\/schema\/logo\/image\/","url":"https:\/\/strifor.biz\/wp-content\/uploads\/2024\/08\/logo-2-1.png","contentUrl":"https:\/\/strifor.biz\/wp-content\/uploads\/2024\/08\/logo-2-1.png","width":98,"height":66,"caption":"Strifor SVG"},"image":{"@id":"https:\/\/strifor.biz\/#\/schema\/logo\/image\/"}}]}},"_links":{"self":[{"href":"https:\/\/strifor.biz\/es\/wp-json\/wp\/v2\/pages\/639","targetHints":{"allow":["GET"]}}],"collection":[{"href":"https:\/\/strifor.biz\/es\/wp-json\/wp\/v2\/pages"}],"about":[{"href":"https:\/\/strifor.biz\/es\/wp-json\/wp\/v2\/types\/page"}],"author":[{"embeddable":true,"href":"https:\/\/strifor.biz\/es\/wp-json\/wp\/v2\/users\/1"}],"replies":[{"embeddable":true,"href":"https:\/\/strifor.biz\/es\/wp-json\/wp\/v2\/comments?post=639"}],"version-history":[{"count":3,"href":"https:\/\/strifor.biz\/es\/wp-json\/wp\/v2\/pages\/639\/revisions"}],"predecessor-version":[{"id":4684,"href":"https:\/\/strifor.biz\/es\/wp-json\/wp\/v2\/pages\/639\/revisions\/4684"}],"wp:attachment":[{"href":"https:\/\/strifor.biz\/es\/wp-json\/wp\/v2\/media?parent=639"}],"curies":[{"name":"wp","href":"https:\/\/api.w.org\/{rel}","templated":true}]}}