{"id":2928,"date":"2025-04-09T09:54:39","date_gmt":"2025-04-09T06:54:39","guid":{"rendered":"https:\/\/strifor.biz\/?page_id=2928"},"modified":"2025-04-09T09:57:15","modified_gmt":"2025-04-09T06:57:15","slug":"contract-specifications-and-trading-parameters-update","status":"publish","type":"page","link":"https:\/\/strifor.biz\/es\/contract-specifications-and-trading-parameters-update\/","title":{"rendered":"Actualizaci\u00f3n de Especificaciones de Contrato y Par\u00e1metros de Trading"},"content":{"rendered":"<p>Estimados traders:<\/p>\n<p>Hemos actualizado las especificaciones de los contratos, incluyendo los nombres de los s\u00edmbolos y los swaps para varios instrumentos financieros.<br \/>\nPuede consultar la informaci\u00f3n actualizada aqu\u00ed: <a href=\"https:\/\/strifor.org\/es\/instruments-and-specification\/\">https:\/\/strifor.biz\/instruments-and-specification\/<\/a><\/p>\n<p>Tenga en cuenta que esta informaci\u00f3n es solo de referencia. <strong>Las especificaciones m\u00e1s precisas y actuales siempre est\u00e1n disponibles en su plataforma de trading MetaTrader 5<\/strong> (Ver \u2192 Observaci\u00f3n de Mercado, clic derecho sobre el s\u00edmbolo \u2192 Especificaci\u00f3n).<\/p>\n<p>Adem\u00e1s, a partir <strong>del 9 de abril de 2025,<\/strong> se modificar\u00e1n los par\u00e1metros de trading para los siguientes \u00edndices:<\/p>\n<p><strong>CHNIND.str (Hang Seng China Enterprises Index)<\/strong><\/p>\n<p><strong>SPN35.str (Spain 35 Index)<\/strong><\/p>\n<p><strong>HKIND.str (Hang Seng Index)<\/strong><\/p>\n<p>Cambios:<\/p>\n<p>Volumen m\u00ednimo de operaci\u00f3n: de 0.01 a 0.1 lotes<\/p>\n<p>Paso m\u00ednimo de volumen: de 0.01 a 0.1<\/p>\n<p>Tenga esto en cuenta al abrir nuevas operaciones.<\/p>\n<p>\u00a1Gracias, y a ganar muchos pips!<\/p>\n","protected":false},"excerpt":{"rendered":"<p>Estimados traders: Hemos actualizado las especificaciones de los contratos, incluyendo los nombres de los s\u00edmbolos y los swaps<\/p>\n","protected":false},"author":1,"featured_media":2929,"parent":0,"menu_order":0,"comment_status":"closed","ping_status":"closed","template":"","meta":{"footnotes":""},"class_list":["post-2928","page","type-page","status-publish","has-post-thumbnail","hentry"],"yoast_head":"<!-- This site is optimized with the Yoast SEO plugin v27.5 - https:\/\/yoast.com\/product\/yoast-seo-wordpress\/ -->\n<title>Actualizaci\u00f3n de Especificaciones de Contrato y Par\u00e1metros de Trading<\/title>\n<meta name=\"robots\" content=\"index, follow, max-snippet:-1, max-image-preview:large, max-video-preview:-1\" \/>\n<link rel=\"canonical\" href=\"https:\/\/strifor.biz\/es\/contract-specifications-and-trading-parameters-update\/\" \/>\n<meta property=\"og:locale\" content=\"es_ES\" \/>\n<meta property=\"og:locale:alternate\" content=\"en_US\" \/>\n<meta property=\"og:locale:alternate\" content=\"ru_RU\" \/>\n<meta property=\"og:locale:alternate\" content=\"rs_RS\" \/>\n<meta property=\"og:locale:alternate\" content=\"tr-TR\" \/>\n<meta property=\"og:type\" content=\"article\" \/>\n<meta property=\"og:title\" content=\"Actualizaci\u00f3n de Especificaciones de Contrato y Par\u00e1metros de Trading\" \/>\n<meta property=\"og:description\" content=\"Estimados traders: Hemos actualizado las especificaciones de los contratos, incluyendo los nombres de los s\u00edmbolos y los swaps\" \/>\n<meta property=\"og:url\" content=\"https:\/\/strifor.biz\/es\/contract-specifications-and-trading-parameters-update\/\" \/>\n<meta property=\"og:site_name\" content=\"Strifor - Trading Forex, crypto CFD. We always pay.\" \/>\n<meta property=\"article:modified_time\" content=\"2025-04-09T06:57:15+00:00\" \/>\n<meta property=\"og:image\" content=\"https:\/\/strifor.biz\/wp-content\/uploads\/2025\/04\/photo_2025-04-09_09-30-32.jpg\" \/>\n\t<meta property=\"og:image:width\" content=\"958\" \/>\n\t<meta property=\"og:image:height\" content=\"800\" \/>\n\t<meta property=\"og:image:type\" content=\"image\/jpeg\" \/>\n<meta name=\"twitter:card\" content=\"summary_large_image\" \/>\n<meta name=\"twitter:label1\" content=\"Tiempo de lectura\" \/>\n\t<meta name=\"twitter:data1\" content=\"1 minuto\" \/>\n<script type=\"application\/ld+json\" class=\"yoast-schema-graph\">{\"@context\":\"https:\\\/\\\/schema.org\",\"@graph\":[{\"@type\":\"WebPage\",\"@id\":\"https:\\\/\\\/strifor.biz\\\/contract-specifications-and-trading-parameters-update\\\/\",\"url\":\"https:\\\/\\\/strifor.biz\\\/contract-specifications-and-trading-parameters-update\\\/\",\"name\":\"Actualizaci\u00f3n de Especificaciones de Contrato y Par\u00e1metros de Trading\",\"isPartOf\":{\"@id\":\"https:\\\/\\\/strifor.biz\\\/#website\"},\"primaryImageOfPage\":{\"@id\":\"https:\\\/\\\/strifor.biz\\\/contract-specifications-and-trading-parameters-update\\\/#primaryimage\"},\"image\":{\"@id\":\"https:\\\/\\\/strifor.biz\\\/contract-specifications-and-trading-parameters-update\\\/#primaryimage\"},\"thumbnailUrl\":\"https:\\\/\\\/strifor.biz\\\/wp-content\\\/uploads\\\/2025\\\/04\\\/photo_2025-04-09_09-30-32.jpg\",\"datePublished\":\"2025-04-09T06:54:39+00:00\",\"dateModified\":\"2025-04-09T06:57:15+00:00\",\"breadcrumb\":{\"@id\":\"https:\\\/\\\/strifor.biz\\\/contract-specifications-and-trading-parameters-update\\\/#breadcrumb\"},\"inLanguage\":\"es-ES\",\"potentialAction\":[{\"@type\":\"ReadAction\",\"target\":[\"https:\\\/\\\/strifor.biz\\\/contract-specifications-and-trading-parameters-update\\\/\"]}]},{\"@type\":\"ImageObject\",\"inLanguage\":\"es-ES\",\"@id\":\"https:\\\/\\\/strifor.biz\\\/contract-specifications-and-trading-parameters-update\\\/#primaryimage\",\"url\":\"https:\\\/\\\/strifor.biz\\\/wp-content\\\/uploads\\\/2025\\\/04\\\/photo_2025-04-09_09-30-32.jpg\",\"contentUrl\":\"https:\\\/\\\/strifor.biz\\\/wp-content\\\/uploads\\\/2025\\\/04\\\/photo_2025-04-09_09-30-32.jpg\",\"width\":958,\"height\":800},{\"@type\":\"BreadcrumbList\",\"@id\":\"https:\\\/\\\/strifor.biz\\\/contract-specifications-and-trading-parameters-update\\\/#breadcrumb\",\"itemListElement\":[{\"@type\":\"ListItem\",\"position\":1,\"name\":\"Home\",\"item\":\"https:\\\/\\\/strifor.biz\\\/tr\\\/\"},{\"@type\":\"ListItem\",\"position\":2,\"name\":\"Contract Specifications and Trading Parameters Update\"}]},{\"@type\":\"WebSite\",\"@id\":\"https:\\\/\\\/strifor.biz\\\/#website\",\"url\":\"https:\\\/\\\/strifor.biz\\\/\",\"name\":\"Strifor - Trading Forex, CFD, Crypto, Metals\",\"description\":\"\",\"publisher\":{\"@id\":\"https:\\\/\\\/strifor.biz\\\/#organization\"},\"potentialAction\":[{\"@type\":\"SearchAction\",\"target\":{\"@type\":\"EntryPoint\",\"urlTemplate\":\"https:\\\/\\\/strifor.biz\\\/?s={search_term_string}\"},\"query-input\":{\"@type\":\"PropertyValueSpecification\",\"valueRequired\":true,\"valueName\":\"search_term_string\"}}],\"inLanguage\":\"es-ES\"},{\"@type\":\"Organization\",\"@id\":\"https:\\\/\\\/strifor.biz\\\/#organization\",\"name\":\"Strifor SVG\",\"url\":\"https:\\\/\\\/strifor.biz\\\/\",\"logo\":{\"@type\":\"ImageObject\",\"inLanguage\":\"es-ES\",\"@id\":\"https:\\\/\\\/strifor.biz\\\/#\\\/schema\\\/logo\\\/image\\\/\",\"url\":\"https:\\\/\\\/strifor.biz\\\/wp-content\\\/uploads\\\/2024\\\/08\\\/logo-2-1.png\",\"contentUrl\":\"https:\\\/\\\/strifor.biz\\\/wp-content\\\/uploads\\\/2024\\\/08\\\/logo-2-1.png\",\"width\":98,\"height\":66,\"caption\":\"Strifor SVG\"},\"image\":{\"@id\":\"https:\\\/\\\/strifor.biz\\\/#\\\/schema\\\/logo\\\/image\\\/\"}}]}<\/script>\n<!-- \/ Yoast SEO plugin. -->","yoast_head_json":{"title":"Actualizaci\u00f3n de Especificaciones de Contrato y Par\u00e1metros de Trading","robots":{"index":"index","follow":"follow","max-snippet":"max-snippet:-1","max-image-preview":"max-image-preview:large","max-video-preview":"max-video-preview:-1"},"canonical":"https:\/\/strifor.biz\/es\/contract-specifications-and-trading-parameters-update\/","og_locale":"es_ES","og_type":"article","og_title":"[:en]Contract Specifications and Trading Parameters Update[:ru]\u041e\u0431\u043d\u043e\u0432\u043b\u0435\u043d\u0438\u0435 \u0441\u043f\u0435\u0446\u0438\u0444\u0438\u043a\u0430\u0446\u0438\u0439 \u043a\u043e\u043d\u0442\u0440\u0430\u043a\u0442\u043e\u0432 \u0438 \u043f\u0430\u0440\u0430\u043c\u0435\u0442\u0440\u043e\u0432 \u0442\u043e\u0440\u0433\u043e\u0432\u043b\u0438[:es]Actualizaci\u00f3n de Especificaciones de Contrato y Par\u00e1metros de Trading[:] - Strifor - Trading Forex, crypto CFD. We always pay.","og_description":"Estimados traders: Hemos actualizado las especificaciones de los contratos, incluyendo los nombres de los s\u00edmbolos y los swaps","og_url":"https:\/\/strifor.biz\/es\/contract-specifications-and-trading-parameters-update\/","og_site_name":"Strifor - Trading Forex, crypto CFD. We always pay.","article_modified_time":"2025-04-09T06:57:15+00:00","og_image":[{"width":958,"height":800,"url":"https:\/\/strifor.biz\/wp-content\/uploads\/2025\/04\/photo_2025-04-09_09-30-32.jpg","type":"image\/jpeg"}],"twitter_card":"summary_large_image","twitter_misc":{"Tiempo de lectura":"1 minuto"},"schema":{"@context":"https:\/\/schema.org","@graph":[{"@type":"WebPage","@id":"https:\/\/strifor.biz\/contract-specifications-and-trading-parameters-update\/","url":"https:\/\/strifor.biz\/contract-specifications-and-trading-parameters-update\/","name":"Actualizaci\u00f3n de Especificaciones de Contrato y Par\u00e1metros de Trading","isPartOf":{"@id":"https:\/\/strifor.biz\/#website"},"primaryImageOfPage":{"@id":"https:\/\/strifor.biz\/contract-specifications-and-trading-parameters-update\/#primaryimage"},"image":{"@id":"https:\/\/strifor.biz\/contract-specifications-and-trading-parameters-update\/#primaryimage"},"thumbnailUrl":"https:\/\/strifor.biz\/wp-content\/uploads\/2025\/04\/photo_2025-04-09_09-30-32.jpg","datePublished":"2025-04-09T06:54:39+00:00","dateModified":"2025-04-09T06:57:15+00:00","breadcrumb":{"@id":"https:\/\/strifor.biz\/contract-specifications-and-trading-parameters-update\/#breadcrumb"},"inLanguage":"es-ES","potentialAction":[{"@type":"ReadAction","target":["https:\/\/strifor.biz\/contract-specifications-and-trading-parameters-update\/"]}]},{"@type":"ImageObject","inLanguage":"es-ES","@id":"https:\/\/strifor.biz\/contract-specifications-and-trading-parameters-update\/#primaryimage","url":"https:\/\/strifor.biz\/wp-content\/uploads\/2025\/04\/photo_2025-04-09_09-30-32.jpg","contentUrl":"https:\/\/strifor.biz\/wp-content\/uploads\/2025\/04\/photo_2025-04-09_09-30-32.jpg","width":958,"height":800},{"@type":"BreadcrumbList","@id":"https:\/\/strifor.biz\/contract-specifications-and-trading-parameters-update\/#breadcrumb","itemListElement":[{"@type":"ListItem","position":1,"name":"Home","item":"https:\/\/strifor.biz\/tr\/"},{"@type":"ListItem","position":2,"name":"Contract Specifications and Trading Parameters Update"}]},{"@type":"WebSite","@id":"https:\/\/strifor.biz\/#website","url":"https:\/\/strifor.biz\/","name":"Strifor - Trading Forex, CFD, Crypto, Metals","description":"","publisher":{"@id":"https:\/\/strifor.biz\/#organization"},"potentialAction":[{"@type":"SearchAction","target":{"@type":"EntryPoint","urlTemplate":"https:\/\/strifor.biz\/?s={search_term_string}"},"query-input":{"@type":"PropertyValueSpecification","valueRequired":true,"valueName":"search_term_string"}}],"inLanguage":"es-ES"},{"@type":"Organization","@id":"https:\/\/strifor.biz\/#organization","name":"Strifor SVG","url":"https:\/\/strifor.biz\/","logo":{"@type":"ImageObject","inLanguage":"es-ES","@id":"https:\/\/strifor.biz\/#\/schema\/logo\/image\/","url":"https:\/\/strifor.biz\/wp-content\/uploads\/2024\/08\/logo-2-1.png","contentUrl":"https:\/\/strifor.biz\/wp-content\/uploads\/2024\/08\/logo-2-1.png","width":98,"height":66,"caption":"Strifor SVG"},"image":{"@id":"https:\/\/strifor.biz\/#\/schema\/logo\/image\/"}}]}},"_links":{"self":[{"href":"https:\/\/strifor.biz\/es\/wp-json\/wp\/v2\/pages\/2928","targetHints":{"allow":["GET"]}}],"collection":[{"href":"https:\/\/strifor.biz\/es\/wp-json\/wp\/v2\/pages"}],"about":[{"href":"https:\/\/strifor.biz\/es\/wp-json\/wp\/v2\/types\/page"}],"author":[{"embeddable":true,"href":"https:\/\/strifor.biz\/es\/wp-json\/wp\/v2\/users\/1"}],"replies":[{"embeddable":true,"href":"https:\/\/strifor.biz\/es\/wp-json\/wp\/v2\/comments?post=2928"}],"version-history":[{"count":5,"href":"https:\/\/strifor.biz\/es\/wp-json\/wp\/v2\/pages\/2928\/revisions"}],"predecessor-version":[{"id":2934,"href":"https:\/\/strifor.biz\/es\/wp-json\/wp\/v2\/pages\/2928\/revisions\/2934"}],"wp:featuredmedia":[{"embeddable":true,"href":"https:\/\/strifor.biz\/es\/wp-json\/wp\/v2\/media\/2929"}],"wp:attachment":[{"href":"https:\/\/strifor.biz\/es\/wp-json\/wp\/v2\/media?parent=2928"}],"curies":[{"name":"wp","href":"https:\/\/api.w.org\/{rel}","templated":true}]}}