{"id":15,"date":"2023-01-31T00:15:08","date_gmt":"2023-01-30T21:15:08","guid":{"rendered":"https:\/\/strifor.biz\/?page_id=15"},"modified":"2026-02-10T13:46:40","modified_gmt":"2026-02-10T10:46:40","slug":"instruments-and-specification","status":"publish","type":"page","link":"https:\/\/strifor.biz\/es\/instruments-and-specification\/","title":{"rendered":"Instruments and Specification"},"content":{"rendered":"","protected":false},"excerpt":{"rendered":"","protected":false},"author":1,"featured_media":0,"parent":0,"menu_order":0,"comment_status":"closed","ping_status":"closed","template":"templates\/instruments.php","meta":{"footnotes":""},"class_list":["post-15","page","type-page","status-publish","hentry"],"yoast_head":"<!-- This site is optimized with the Yoast SEO plugin v27.3 - https:\/\/yoast.com\/product\/yoast-seo-wordpress\/ -->\n<title>M\u00e1s de 250 instrumentos de negociaci\u00f3n Strifor multibroker<\/title>\n<meta name=\"description\" content=\"Strifor multibroker ofrece m\u00e1s de 250 instrumentos de trading: divisas fiat, Crypto CFDs, acciones, metales, materias primas, \u00edndices y Forex. Comience a operar con una plataforma fiable.\" \/>\n<meta name=\"robots\" content=\"index, follow, max-snippet:-1, max-image-preview:large, max-video-preview:-1\" \/>\n<link rel=\"canonical\" href=\"https:\/\/strifor.biz\/es\/instruments-and-specification\/\" \/>\n<meta property=\"og:locale\" content=\"es_ES\" \/>\n<meta property=\"og:locale:alternate\" content=\"en_US\" \/>\n<meta property=\"og:locale:alternate\" content=\"ru_RU\" \/>\n<meta property=\"og:locale:alternate\" content=\"rs_RS\" \/>\n<meta property=\"og:locale:alternate\" content=\"tr-TR\" \/>\n<meta property=\"og:type\" content=\"article\" \/>\n<meta property=\"og:title\" content=\"M\u00e1s de 250 instrumentos de negociaci\u00f3n Strifor multibroker\" \/>\n<meta property=\"og:description\" content=\"Strifor multibroker ofrece m\u00e1s de 250 instrumentos de trading: divisas fiat, Crypto CFDs, acciones, metales, materias primas, \u00edndices y Forex. Comience a operar con una plataforma fiable.\" \/>\n<meta property=\"og:url\" content=\"https:\/\/strifor.biz\/es\/instruments-and-specification\/\" \/>\n<meta property=\"og:site_name\" content=\"Strifor - Trading Forex, crypto CFD. We always pay.\" \/>\n<meta property=\"article:modified_time\" content=\"2026-02-10T10:46:40+00:00\" \/>\n<meta name=\"twitter:card\" content=\"summary_large_image\" \/>\n<script type=\"application\/ld+json\" class=\"yoast-schema-graph\">{\"@context\":\"https:\\\/\\\/schema.org\",\"@graph\":[{\"@type\":\"WebPage\",\"@id\":\"https:\\\/\\\/strifor.biz\\\/tr\\\/instruments-and-specification\\\/\",\"url\":\"https:\\\/\\\/strifor.biz\\\/tr\\\/instruments-and-specification\\\/\",\"name\":\"M\u00e1s de 250 instrumentos de negociaci\u00f3n Strifor multibroker\",\"isPartOf\":{\"@id\":\"https:\\\/\\\/strifor.biz\\\/#website\"},\"datePublished\":\"2023-01-30T21:15:08+00:00\",\"dateModified\":\"2026-02-10T10:46:40+00:00\",\"description\":\"Strifor multibroker ofrece m\u00e1s de 250 instrumentos de trading: divisas fiat, Crypto CFDs, acciones, metales, materias primas, \u00edndices y Forex. Comience a operar con una plataforma fiable.\",\"breadcrumb\":{\"@id\":\"https:\\\/\\\/strifor.biz\\\/tr\\\/instruments-and-specification\\\/#breadcrumb\"},\"inLanguage\":\"es-ES\",\"potentialAction\":[{\"@type\":\"ReadAction\",\"target\":[\"https:\\\/\\\/strifor.biz\\\/tr\\\/instruments-and-specification\\\/\"]}]},{\"@type\":\"BreadcrumbList\",\"@id\":\"https:\\\/\\\/strifor.biz\\\/tr\\\/instruments-and-specification\\\/#breadcrumb\",\"itemListElement\":[{\"@type\":\"ListItem\",\"position\":1,\"name\":\"Home\",\"item\":\"https:\\\/\\\/strifor.biz\\\/\"},{\"@type\":\"ListItem\",\"position\":2,\"name\":\"Instruments and Specification\"}]},{\"@type\":\"WebSite\",\"@id\":\"https:\\\/\\\/strifor.biz\\\/#website\",\"url\":\"https:\\\/\\\/strifor.biz\\\/\",\"name\":\"Strifor - Trading Forex, CFD, Crypto, Metals\",\"description\":\"\",\"publisher\":{\"@id\":\"https:\\\/\\\/strifor.biz\\\/#organization\"},\"potentialAction\":[{\"@type\":\"SearchAction\",\"target\":{\"@type\":\"EntryPoint\",\"urlTemplate\":\"https:\\\/\\\/strifor.biz\\\/?s={search_term_string}\"},\"query-input\":{\"@type\":\"PropertyValueSpecification\",\"valueRequired\":true,\"valueName\":\"search_term_string\"}}],\"inLanguage\":\"es-ES\"},{\"@type\":\"Organization\",\"@id\":\"https:\\\/\\\/strifor.biz\\\/#organization\",\"name\":\"Strifor SVG\",\"url\":\"https:\\\/\\\/strifor.biz\\\/\",\"logo\":{\"@type\":\"ImageObject\",\"inLanguage\":\"es-ES\",\"@id\":\"https:\\\/\\\/strifor.biz\\\/#\\\/schema\\\/logo\\\/image\\\/\",\"url\":\"https:\\\/\\\/strifor.biz\\\/wp-content\\\/uploads\\\/2024\\\/08\\\/logo-2-1.png\",\"contentUrl\":\"https:\\\/\\\/strifor.biz\\\/wp-content\\\/uploads\\\/2024\\\/08\\\/logo-2-1.png\",\"width\":98,\"height\":66,\"caption\":\"Strifor SVG\"},\"image\":{\"@id\":\"https:\\\/\\\/strifor.biz\\\/#\\\/schema\\\/logo\\\/image\\\/\"}}]}<\/script>\n<!-- \/ Yoast SEO plugin. -->","yoast_head_json":{"title":"M\u00e1s de 250 instrumentos de negociaci\u00f3n Strifor multibroker","description":"Strifor multibroker ofrece m\u00e1s de 250 instrumentos de trading: divisas fiat, Crypto CFDs, acciones, metales, materias primas, \u00edndices y Forex. Comience a operar con una plataforma fiable.","robots":{"index":"index","follow":"follow","max-snippet":"max-snippet:-1","max-image-preview":"max-image-preview:large","max-video-preview":"max-video-preview:-1"},"canonical":"https:\/\/strifor.biz\/es\/instruments-and-specification\/","og_locale":"es_ES","og_type":"article","og_title":"[:en]More than 250 trading instruments, Strifor multibroker[:ru]\u0411\u043e\u043b\u0435\u0435 250 \u0442\u043e\u0440\u0433\u043e\u0432\u044b\u0445 \u0438\u043d\u0441\u0442\u0440\u0443\u043c\u0435\u043d\u0442\u043e\u0432. \u041c\u0443\u043b\u044c\u0442\u0438\u0431\u0440\u043e\u043a\u0435\u0440 Strifor[:es]M\u00e1s de 250 instrumentos de negociaci\u00f3n Strifor multibroker[:rs]\u0412\u0438\u0448\u0435 \u043e\u0434 250 \u0442\u0440\u0433\u043e\u0432\u0430\u0447\u043a\u0438\u0445 \u0438\u043d\u0441\u0442\u0440\u0443\u043c\u0435\u043d\u0430\u0442\u0430 \u043c\u0443\u043b\u0442\u0438-\u0431\u0440\u043e\u043a\u0435\u0440 Strifor[:]","og_description":"[:en]Strifor multi-broker offers more than 250 trading instruments: fiat currencies, Crypto CFDs, stocks, metals, commodities, indices and Forex. Start trading with a reliable platform.[:ru]\u041c\u0443\u043b\u044c\u0442\u0438\u0431\u0440\u043e\u043a\u0435\u0440 Strifor \u043f\u0440\u0435\u0434\u043b\u0430\u0433\u0430\u0435\u0442 \u0431\u043e\u043b\u0435\u0435 250 \u0442\u043e\u0440\u0433\u043e\u0432\u044b\u0445 \u0438\u043d\u0441\u0442\u0440\u0443\u043c\u0435\u043d\u0442\u043e\u0432: \u0444\u0438\u0430\u0442\u043d\u044b\u0435 \u0432\u0430\u043b\u044e\u0442\u044b, Crypto CFD, \u0430\u043a\u0446\u0438\u0438, \u043c\u0435\u0442\u0430\u043b\u043b\u044b, \u0442\u043e\u0432\u0430\u0440\u044b, \u0438\u043d\u0434\u0435\u043a\u0441\u044b \u0438 Forex. \u041d\u0430\u0447\u043d\u0438\u0442\u0435 \u0442\u043e\u0440\u0433\u043e\u0432\u0430\u0442\u044c \u0441 \u043d\u0430\u0434\u0435\u0436\u043d\u043e\u0439 \u043f\u043b\u0430\u0442\u0444\u043e\u0440\u043c\u043e\u0439.[:es]Strifor multibroker ofrece m\u00e1s de 250 instrumentos de trading: divisas fiat, Crypto CFDs, acciones, metales, materias primas, \u00edndices y Forex. Comience a operar con una plataforma fiable.[:rs]\u041c\u0443\u043b\u0442\u0438\u0431\u0440\u043e\u043a\u0435\u0440 Strifor \u043d\u0443\u0434\u0438 \u0432\u0438\u0448\u0435 \u043e\u0434 250 \u0442\u0440\u0433\u043e\u0432\u0430\u0447\u043a\u0438\u0445 \u0438\u043d\u0441\u0442\u0440\u0443\u043c\u0435\u043d\u0430\u0442\u0430: \u0444\u0438\u0430\u0442 \u0432\u0430\u043b\u0443\u0442\u0435, \u043a\u0440\u0438\u043f\u0442\u043e CFD-\u043e\u0432\u0438, \u0430\u043a\u0446\u0438\u0458\u0435, \u043c\u0435\u0442\u0430\u043b\u0438, \u0440\u043e\u0431\u0430, \u0438\u043d\u0434\u0435\u043a\u0441\u0438 \u0438 \u0424\u043e\u0440\u0435\u043a. \u0417\u0430\u043f\u043e\u0447\u043d\u0438\u0442\u0435 \u0442\u0440\u0433\u043e\u0432\u0430\u045a\u0435 \u0441\u0430 \u043f\u043e\u0443\u0437\u0434\u0430\u043d\u043e\u043c \u043f\u043b\u0430\u0442\u0444\u043e\u0440\u043c\u043e\u043c.[:]","og_url":"https:\/\/strifor.biz\/es\/instruments-and-specification\/","og_site_name":"Strifor - Trading Forex, crypto CFD. We always pay.","article_modified_time":"2026-02-10T10:46:40+00:00","twitter_card":"summary_large_image","schema":{"@context":"https:\/\/schema.org","@graph":[{"@type":"WebPage","@id":"https:\/\/strifor.biz\/tr\/instruments-and-specification\/","url":"https:\/\/strifor.biz\/tr\/instruments-and-specification\/","name":"M\u00e1s de 250 instrumentos de negociaci\u00f3n Strifor multibroker","isPartOf":{"@id":"https:\/\/strifor.biz\/#website"},"datePublished":"2023-01-30T21:15:08+00:00","dateModified":"2026-02-10T10:46:40+00:00","description":"Strifor multibroker ofrece m\u00e1s de 250 instrumentos de trading: divisas fiat, Crypto CFDs, acciones, metales, materias primas, \u00edndices y Forex. Comience a operar con una plataforma fiable.","breadcrumb":{"@id":"https:\/\/strifor.biz\/tr\/instruments-and-specification\/#breadcrumb"},"inLanguage":"es-ES","potentialAction":[{"@type":"ReadAction","target":["https:\/\/strifor.biz\/tr\/instruments-and-specification\/"]}]},{"@type":"BreadcrumbList","@id":"https:\/\/strifor.biz\/tr\/instruments-and-specification\/#breadcrumb","itemListElement":[{"@type":"ListItem","position":1,"name":"Home","item":"https:\/\/strifor.biz\/"},{"@type":"ListItem","position":2,"name":"Instruments and Specification"}]},{"@type":"WebSite","@id":"https:\/\/strifor.biz\/#website","url":"https:\/\/strifor.biz\/","name":"Strifor - Trading Forex, CFD, Crypto, Metals","description":"","publisher":{"@id":"https:\/\/strifor.biz\/#organization"},"potentialAction":[{"@type":"SearchAction","target":{"@type":"EntryPoint","urlTemplate":"https:\/\/strifor.biz\/?s={search_term_string}"},"query-input":{"@type":"PropertyValueSpecification","valueRequired":true,"valueName":"search_term_string"}}],"inLanguage":"es-ES"},{"@type":"Organization","@id":"https:\/\/strifor.biz\/#organization","name":"Strifor SVG","url":"https:\/\/strifor.biz\/","logo":{"@type":"ImageObject","inLanguage":"es-ES","@id":"https:\/\/strifor.biz\/#\/schema\/logo\/image\/","url":"https:\/\/strifor.biz\/wp-content\/uploads\/2024\/08\/logo-2-1.png","contentUrl":"https:\/\/strifor.biz\/wp-content\/uploads\/2024\/08\/logo-2-1.png","width":98,"height":66,"caption":"Strifor SVG"},"image":{"@id":"https:\/\/strifor.biz\/#\/schema\/logo\/image\/"}}]}},"_links":{"self":[{"href":"https:\/\/strifor.biz\/es\/wp-json\/wp\/v2\/pages\/15","targetHints":{"allow":["GET"]}}],"collection":[{"href":"https:\/\/strifor.biz\/es\/wp-json\/wp\/v2\/pages"}],"about":[{"href":"https:\/\/strifor.biz\/es\/wp-json\/wp\/v2\/types\/page"}],"author":[{"embeddable":true,"href":"https:\/\/strifor.biz\/es\/wp-json\/wp\/v2\/users\/1"}],"replies":[{"embeddable":true,"href":"https:\/\/strifor.biz\/es\/wp-json\/wp\/v2\/comments?post=15"}],"version-history":[{"count":1,"href":"https:\/\/strifor.biz\/es\/wp-json\/wp\/v2\/pages\/15\/revisions"}],"predecessor-version":[{"id":4613,"href":"https:\/\/strifor.biz\/es\/wp-json\/wp\/v2\/pages\/15\/revisions\/4613"}],"wp:attachment":[{"href":"https:\/\/strifor.biz\/es\/wp-json\/wp\/v2\/media?parent=15"}],"curies":[{"name":"wp","href":"https:\/\/api.w.org\/{rel}","templated":true}]}}